{"id":1415,"date":"2025-09-03T18:53:11","date_gmt":"2025-09-03T18:53:11","guid":{"rendered":"https:\/\/machitrade.com\/about\/"},"modified":"2025-10-07T22:48:21","modified_gmt":"2025-10-07T22:48:21","slug":"about","status":"publish","type":"page","link":"https:\/\/machitrade.com\/pt\/about\/","title":{"rendered":"Sobre"},"content":{"rendered":"<div data-elementor-type=\"wp-post\" data-elementor-id=\"1415\" class=\"elementor elementor-1415\" data-elementor-post-type=\"page\">\n\t\t\t\t<div class=\"elementor-element elementor-element-bfc3ff6 e-flex e-con-boxed e-con e-parent\" data-id=\"bfc3ff6\" data-element_type=\"container\" data-settings=\"{&quot;background_background&quot;:&quot;classic&quot;}\">\n\t\t\t\t\t<div class=\"e-con-inner\">\n\t\t\t\t\t<\/div>\n\t\t\t\t<\/div>\n\t\t<div class=\"elementor-element elementor-element-4daad04 e-flex e-con-boxed e-con e-parent\" data-id=\"4daad04\" data-element_type=\"container\" data-settings=\"{&quot;background_background&quot;:&quot;classic&quot;}\">\n\t\t\t\t\t<div class=\"e-con-inner\">\n\t\t<div class=\"elementor-element elementor-element-be0ece5 e-con-full e-flex e-con e-child\" data-id=\"be0ece5\" data-element_type=\"container\">\n\t\t\t\t<div class=\"elementor-element elementor-element-5db7995 elementor-widget elementor-widget-heading\" data-id=\"5db7995\" data-element_type=\"widget\" data-widget_type=\"heading.default\">\n\t\t\t\t<div class=\"elementor-widget-container\">\n\t\t\t\t\t<h1 class=\"elementor-heading-title elementor-size-default\">Sobre n\u00f3s<\/h1>\t\t\t\t<\/div>\n\t\t\t\t<\/div>\n\t\t\t\t<\/div>\n\t\t\t\t\t<\/div>\n\t\t\t\t<\/div>\n\t\t<div class=\"elementor-element elementor-element-af5ed63 e-flex e-con-boxed e-con e-parent\" data-id=\"af5ed63\" data-element_type=\"container\" data-settings=\"{&quot;background_background&quot;:&quot;classic&quot;}\">\n\t\t\t\t\t<div class=\"e-con-inner\">\n\t\t\t\t<div class=\"elementor-element elementor-element-35f6959 elementor-widget elementor-widget-heading\" data-id=\"35f6959\" data-element_type=\"widget\" data-widget_type=\"heading.default\">\n\t\t\t\t<div class=\"elementor-widget-container\">\n\t\t\t\t\t<h2 class=\"elementor-heading-title elementor-size-default\">Bem-vindo \u00e0 Machitrade<\/h2>\t\t\t\t<\/div>\n\t\t\t\t<\/div>\n\t\t\t\t<div class=\"elementor-element elementor-element-ee80aad elementor-widget-divider--view-line elementor-widget elementor-widget-divider\" data-id=\"ee80aad\" data-element_type=\"widget\" data-widget_type=\"divider.default\">\n\t\t\t\t<div class=\"elementor-widget-container\">\n\t\t\t\t\t\t\t<div class=\"elementor-divider\">\n\t\t\t<span class=\"elementor-divider-separator\">\n\t\t\t\t\t\t<\/span>\n\t\t<\/div>\n\t\t\t\t\t\t<\/div>\n\t\t\t\t<\/div>\n\t\t<div class=\"elementor-element elementor-element-a2f9285 e-con-full e-flex e-con e-child\" data-id=\"a2f9285\" data-element_type=\"container\">\n\t\t\t\t<div class=\"elementor-element elementor-element-16cd181 elementor-widget elementor-widget-text-editor\" data-id=\"16cd181\" data-element_type=\"widget\" data-widget_type=\"text-editor.default\">\n\t\t\t\t<div class=\"elementor-widget-container\">\n\t\t\t\t\t\t\t\t\t<p>Na <b>Machitrade<\/b>, acreditamos que o setor s\u00f3 avan\u00e7a quando a confian\u00e7a e a parceria s\u00e3o fundamentais. Por isso, mais do que fornecedores, vemo-nos como verdadeiros parceiros e aliados dos nossos clientes.<\/p><p>Com sede no <b>Porto, Portugal<\/b>, trazemos <b>10 anos de experi\u00eancia<\/b> na comercializa\u00e7\u00e3o de m\u00e1quinas industriais. Esta experi\u00eancia permite-nos compreender as necessidades espec\u00edficas de cada cliente e oferecer solu\u00e7\u00f5es personalizadas para cada desafio.<\/p><p>Somos especializados em <b>compra e venda de m\u00e1quinas e equipamentos usados \u200b\u200bpara convers\u00e3o e reciclagem de pl\u00e1stico<\/b>, tais como: extrusoras de filme ou de fundi\u00e7\u00e3o (cast), m\u00e1quinas de impress\u00e3o flexogr\u00e1fica, laminadoras, m\u00e1quinas de fabrico de sacos, linhas de reciclagem, linhas de lavagem, trituradores, granuladores, bem como outros equipamentos e perif\u00e9ricos.<\/p><p>A nossa equipa profissional oferece todo o apoio necess\u00e1rio para o guiar atrav\u00e9s de um processo r\u00e1pido, seguro e transparente. Al\u00e9m disso, oferecemos<b> servi\u00e7os de log\u00edstica e desmantelamento,<\/b> garantir que cada etapa \u00e9 executada sem problemas e sem complica\u00e7\u00f5es.<\/p><p>O nosso trabalho di\u00e1rio \u00e9 impulsionado por <b>proximidade, escuta ativa e solu\u00e7\u00f5es personalizadas<\/b>. Operamos com tecnologia de ponta e um amplo portf\u00f3lio de equipamentos, mas nunca nos esquecemos que cada neg\u00f3cio \u00e9 \u00fanico.<\/p>\t\t\t\t\t\t\t\t<\/div>\n\t\t\t\t<\/div>\n\t\t\t\t<\/div>\n\t\t\t\t<div class=\"elementor-element elementor-element-dda434d elementor-widget elementor-widget-google_maps\" data-id=\"dda434d\" data-element_type=\"widget\" data-widget_type=\"google_maps.default\">\n\t\t\t\t<div class=\"elementor-widget-container\">\n\t\t\t\t\t\t\t<div class=\"elementor-custom-embed\">\n\t\t\t<iframe loading=\"lazy\"\n\t\t\t\t\tsrc=\"https:\/\/maps.google.com\/maps?q=centro%20porto%2C%20porto%2C%20portugal&#038;t=m&#038;z=10&#038;output=embed&#038;iwloc=near\"\n\t\t\t\t\ttitle=\"centro porto, porto, portugal\"\n\t\t\t\t\taria-label=\"centro porto, porto, portugal\"\n\t\t\t><\/iframe>\n\t\t<\/div>\n\t\t\t\t\t\t<\/div>\n\t\t\t\t<\/div>\n\t\t\t\t<div class=\"elementor-element elementor-element-ebf7eda elementor-widget elementor-widget-text-editor\" data-id=\"ebf7eda\" data-element_type=\"widget\" data-widget_type=\"text-editor.default\">\n\t\t\t\t<div class=\"elementor-widget-container\">\n\t\t\t\t\t\t\t\t\t<p>Sempre ao seu lado, onde quer que esteja.<\/p>\t\t\t\t\t\t\t\t<\/div>\n\t\t\t\t<\/div>\n\t\t\t\t\t<\/div>\n\t\t\t\t<\/div>\n\t\t<div class=\"elementor-element elementor-element-b7e5779 e-flex e-con-boxed e-con e-parent\" data-id=\"b7e5779\" data-element_type=\"container\">\n\t\t\t\t\t<div class=\"e-con-inner\">\n\t\t<div class=\"elementor-element elementor-element-6a074bd e-con-full e-flex e-con e-child\" data-id=\"6a074bd\" data-element_type=\"container\">\n\t\t\t\t<div class=\"elementor-element elementor-element-255363f elementor-widget elementor-widget-heading\" data-id=\"255363f\" data-element_type=\"widget\" data-widget_type=\"heading.default\">\n\t\t\t\t<div class=\"elementor-widget-container\">\n\t\t\t\t\t<h3 class=\"elementor-heading-title elementor-size-default\">Est\u00e1 a pensar comprar ou vender m\u00e1quinas usadas?<\/h3>\t\t\t\t<\/div>\n\t\t\t\t<\/div>\n\t\t\t\t<\/div>\n\t\t<div class=\"elementor-element elementor-element-79dd546 e-con-full e-flex e-con e-child\" data-id=\"79dd546\" data-element_type=\"container\">\n\t\t\t\t<div class=\"elementor-element elementor-element-058ba8b elementor-align-center elementor-widget elementor-widget-button\" data-id=\"058ba8b\" data-element_type=\"widget\" data-widget_type=\"button.default\">\n\t\t\t\t<div class=\"elementor-widget-container\">\n\t\t\t\t\t\t\t\t\t<div class=\"elementor-button-wrapper\">\n\t\t\t\t\t<a class=\"elementor-button elementor-button-link elementor-size-sm\" href=\"https:\/\/machitrade.com\/pt\/contact\/\">\n\t\t\t\t\t\t<span class=\"elementor-button-content-wrapper\">\n\t\t\t\t\t\t\t\t\t<span class=\"elementor-button-text\">Contacte-nos!<\/span>\n\t\t\t\t\t<\/span>\n\t\t\t\t\t<\/a>\n\t\t\t\t<\/div>\n\t\t\t\t\t\t\t\t<\/div>\n\t\t\t\t<\/div>\n\t\t\t\t<\/div>\n\t\t\t\t\t<\/div>\n\t\t\t\t<\/div>\n\t\t\t\t<\/div>","protected":false},"excerpt":{"rendered":"<p>About Us Welcome to Machitrade At Machitrade, we believe that the industry only moves forward when trust and partnership are at the core. That\u2019s why, more than suppliers, we see ourselves as true partners and allies of our clients. Based in Porto, Portugal, we bring over 10 years of experience in the trading of industrial [&hellip;]<\/p>","protected":false},"author":1,"featured_media":0,"parent":0,"menu_order":0,"comment_status":"closed","ping_status":"closed","template":"","meta":{"site-sidebar-layout":"no-sidebar","site-content-layout":"page-builder","ast-site-content-layout":"default","site-content-style":"default","site-sidebar-style":"default","ast-global-header-display":"","ast-banner-title-visibility":"","ast-main-header-display":"","ast-hfb-above-header-display":"","ast-hfb-below-header-display":"","ast-hfb-mobile-header-display":"","site-post-title":"disabled","ast-breadcrumbs-content":"","ast-featured-img":"disabled","footer-sml-layout":"","theme-transparent-header-meta":"enabled","adv-header-id-meta":"","stick-header-meta":"","header-above-stick-meta":"","header-main-stick-meta":"","header-below-stick-meta":"","astra-migrate-meta-layouts":"default","ast-page-background-enabled":"default","ast-page-background-meta":{"desktop":{"background-color":"","background-image":"","background-repeat":"repeat","background-position":"center center","background-size":"auto","background-attachment":"scroll","background-type":"","background-media":"","overlay-type":"","overlay-color":"","overlay-opacity":"","overlay-gradient":""},"tablet":{"background-color":"","background-image":"","background-repeat":"repeat","background-position":"center center","background-size":"auto","background-attachment":"scroll","background-type":"","background-media":"","overlay-type":"","overlay-color":"","overlay-opacity":"","overlay-gradient":""},"mobile":{"background-color":"","background-image":"","background-repeat":"repeat","background-position":"center center","background-size":"auto","background-attachment":"scroll","background-type":"","background-media":"","overlay-type":"","overlay-color":"","overlay-opacity":"","overlay-gradient":""}},"ast-content-background-meta":{"desktop":{"background-color":"var(--ast-global-color-5)","background-image":"","background-repeat":"repeat","background-position":"center center","background-size":"auto","background-attachment":"scroll","background-type":"","background-media":"","overlay-type":"","overlay-color":"","overlay-opacity":"","overlay-gradient":""},"tablet":{"background-color":"var(--ast-global-color-5)","background-image":"","background-repeat":"repeat","background-position":"center center","background-size":"auto","background-attachment":"scroll","background-type":"","background-media":"","overlay-type":"","overlay-color":"","overlay-opacity":"","overlay-gradient":""},"mobile":{"background-color":"var(--ast-global-color-5)","background-image":"","background-repeat":"repeat","background-position":"center center","background-size":"auto","background-attachment":"scroll","background-type":"","background-media":"","overlay-type":"","overlay-color":"","overlay-opacity":"","overlay-gradient":""}},"footnotes":""},"class_list":["post-1415","page","type-page","status-publish","hentry"],"jetpack_sharing_enabled":true,"_links":{"self":[{"href":"https:\/\/machitrade.com\/pt\/wp-json\/wp\/v2\/pages\/1415","targetHints":{"allow":["GET"]}}],"collection":[{"href":"https:\/\/machitrade.com\/pt\/wp-json\/wp\/v2\/pages"}],"about":[{"href":"https:\/\/machitrade.com\/pt\/wp-json\/wp\/v2\/types\/page"}],"author":[{"embeddable":true,"href":"https:\/\/machitrade.com\/pt\/wp-json\/wp\/v2\/users\/1"}],"replies":[{"embeddable":true,"href":"https:\/\/machitrade.com\/pt\/wp-json\/wp\/v2\/comments?post=1415"}],"version-history":[{"count":66,"href":"https:\/\/machitrade.com\/pt\/wp-json\/wp\/v2\/pages\/1415\/revisions"}],"predecessor-version":[{"id":2314,"href":"https:\/\/machitrade.com\/pt\/wp-json\/wp\/v2\/pages\/1415\/revisions\/2314"}],"wp:attachment":[{"href":"https:\/\/machitrade.com\/pt\/wp-json\/wp\/v2\/media?parent=1415"}],"curies":[{"name":"wp","href":"https:\/\/api.w.org\/{rel}","templated":true}]}}